{"id":54,"date":"2021-03-30T11:32:30","date_gmt":"2021-03-30T11:32:30","guid":{"rendered":"https:\/\/petitfour.pt\/?page_id=54"},"modified":"2021-03-31T15:37:39","modified_gmt":"2021-03-31T15:37:39","slug":"encomendas","status":"publish","type":"page","link":"https:\/\/petitfour.pt\/?page_id=54","title":{"rendered":"Encomendas"},"content":{"rendered":"<p style=\"text-align: center;\"><strong>Email<\/strong>: encomendas@petitfour.pt<\/p>\n<p style=\"text-align: center;\"><strong>Telefone<\/strong>: 916 122 454<\/p>\n<p style=\"text-align: center;\">\n<p style=\"text-align: center;\"><strong>Lojas<\/strong><\/p>\n<p style=\"text-align: center;\">Q1- Guimar\u00e3es Shopping &#8211; 924083853<br \/>\nQ2 -Guimar\u00e3es Shopping &#8211; 938927835<br \/>\nRestaura\u00e7\u00e3o &#8211; Guimar\u00e3es Shopping &#8211; 960225175<br \/>\nRua Paio Galv\u00e3o &#8211; Guimar\u00e3es &#8211; 934618669<\/p>\n<p>&nbsp;<\/p>\n","protected":false},"excerpt":{"rendered":"<p>Email: encomendas@petitfour.pt Telefone: 916 122 454 Lojas Q1- Guimar\u00e3es Shopping &#8211; 924083853 Q2 -Guimar\u00e3es Shopping &#8211; 938927835 Restaura\u00e7\u00e3o &#8211; Guimar\u00e3es Shopping &#8211; 960225175 Rua Paio Galv\u00e3o &#8211; Guimar\u00e3es &#8211; 934618669 &nbsp;<\/p>\n","protected":false},"author":1,"featured_media":0,"parent":0,"menu_order":0,"comment_status":"closed","ping_status":"closed","template":"","meta":{"footnotes":""},"class_list":["post-54","page","type-page","status-publish","hentry"],"yoast_head":"<!-- This site is optimized with the Yoast SEO plugin v27.5 - https:\/\/yoast.com\/product\/yoast-seo-wordpress\/ -->\n<title>Encomendas -<\/title>\n<meta name=\"robots\" content=\"index, follow, max-snippet:-1, max-image-preview:large, max-video-preview:-1\" \/>\n<link rel=\"canonical\" href=\"https:\/\/petitfour.pt\/?page_id=54\" \/>\n<meta property=\"og:locale\" content=\"pt_PT\" \/>\n<meta property=\"og:type\" content=\"article\" \/>\n<meta property=\"og:title\" content=\"Encomendas -\" \/>\n<meta property=\"og:description\" content=\"Email: encomendas@petitfour.pt Telefone: 916 122 454 Lojas Q1- Guimar\u00e3es Shopping &#8211; 924083853 Q2 -Guimar\u00e3es Shopping &#8211; 938927835 Restaura\u00e7\u00e3o &#8211; Guimar\u00e3es Shopping &#8211; 960225175 Rua Paio Galv\u00e3o &#8211; Guimar\u00e3es &#8211; 934618669 &nbsp;\" \/>\n<meta property=\"og:url\" content=\"https:\/\/petitfour.pt\/?page_id=54\" \/>\n<meta property=\"article:publisher\" content=\"https:\/\/www.facebook.com\/petitifourconfeitaria\" \/>\n<meta property=\"article:modified_time\" content=\"2021-03-31T15:37:39+00:00\" \/>\n<meta name=\"twitter:card\" content=\"summary_large_image\" \/>\n<script type=\"application\/ld+json\" class=\"yoast-schema-graph\">{\"@context\":\"https:\\\/\\\/schema.org\",\"@graph\":[{\"@type\":\"WebPage\",\"@id\":\"https:\\\/\\\/petitfour.pt\\\/?page_id=54\",\"url\":\"https:\\\/\\\/petitfour.pt\\\/?page_id=54\",\"name\":\"Encomendas -\",\"isPartOf\":{\"@id\":\"https:\\\/\\\/petitfour.pt\\\/#website\"},\"datePublished\":\"2021-03-30T11:32:30+00:00\",\"dateModified\":\"2021-03-31T15:37:39+00:00\",\"breadcrumb\":{\"@id\":\"https:\\\/\\\/petitfour.pt\\\/?page_id=54#breadcrumb\"},\"inLanguage\":\"pt-PT\",\"potentialAction\":[{\"@type\":\"ReadAction\",\"target\":[\"https:\\\/\\\/petitfour.pt\\\/?page_id=54\"]}]},{\"@type\":\"BreadcrumbList\",\"@id\":\"https:\\\/\\\/petitfour.pt\\\/?page_id=54#breadcrumb\",\"itemListElement\":[{\"@type\":\"ListItem\",\"position\":1,\"name\":\"In\u00edcio\",\"item\":\"https:\\\/\\\/petitfour.pt\\\/\"},{\"@type\":\"ListItem\",\"position\":2,\"name\":\"Encomendas\"}]},{\"@type\":\"WebSite\",\"@id\":\"https:\\\/\\\/petitfour.pt\\\/#website\",\"url\":\"https:\\\/\\\/petitfour.pt\\\/\",\"name\":\"\",\"description\":\"Novo nome, a mesma qualidade ! \",\"publisher\":{\"@id\":\"https:\\\/\\\/petitfour.pt\\\/#organization\"},\"potentialAction\":[{\"@type\":\"SearchAction\",\"target\":{\"@type\":\"EntryPoint\",\"urlTemplate\":\"https:\\\/\\\/petitfour.pt\\\/?s={search_term_string}\"},\"query-input\":{\"@type\":\"PropertyValueSpecification\",\"valueRequired\":true,\"valueName\":\"search_term_string\"}}],\"inLanguage\":\"pt-PT\"},{\"@type\":\"Organization\",\"@id\":\"https:\\\/\\\/petitfour.pt\\\/#organization\",\"name\":\"Petit Four - Confeitaria\",\"url\":\"https:\\\/\\\/petitfour.pt\\\/\",\"logo\":{\"@type\":\"ImageObject\",\"inLanguage\":\"pt-PT\",\"@id\":\"https:\\\/\\\/petitfour.pt\\\/#\\\/schema\\\/logo\\\/image\\\/\",\"url\":\"https:\\\/\\\/petitfour.pt\\\/wp-content\\\/uploads\\\/2021\\\/03\\\/cropped-logopetitw.jpg\",\"contentUrl\":\"https:\\\/\\\/petitfour.pt\\\/wp-content\\\/uploads\\\/2021\\\/03\\\/cropped-logopetitw.jpg\",\"width\":292,\"height\":105,\"caption\":\"Petit Four - Confeitaria\"},\"image\":{\"@id\":\"https:\\\/\\\/petitfour.pt\\\/#\\\/schema\\\/logo\\\/image\\\/\"},\"sameAs\":[\"https:\\\/\\\/www.facebook.com\\\/petitifourconfeitaria\"]}]}<\/script>\n<!-- \/ Yoast SEO plugin. -->","yoast_head_json":{"title":"Encomendas -","robots":{"index":"index","follow":"follow","max-snippet":"max-snippet:-1","max-image-preview":"max-image-preview:large","max-video-preview":"max-video-preview:-1"},"canonical":"https:\/\/petitfour.pt\/?page_id=54","og_locale":"pt_PT","og_type":"article","og_title":"Encomendas -","og_description":"Email: encomendas@petitfour.pt Telefone: 916 122 454 Lojas Q1- Guimar\u00e3es Shopping &#8211; 924083853 Q2 -Guimar\u00e3es Shopping &#8211; 938927835 Restaura\u00e7\u00e3o &#8211; Guimar\u00e3es Shopping &#8211; 960225175 Rua Paio Galv\u00e3o &#8211; Guimar\u00e3es &#8211; 934618669 &nbsp;","og_url":"https:\/\/petitfour.pt\/?page_id=54","article_publisher":"https:\/\/www.facebook.com\/petitifourconfeitaria","article_modified_time":"2021-03-31T15:37:39+00:00","twitter_card":"summary_large_image","schema":{"@context":"https:\/\/schema.org","@graph":[{"@type":"WebPage","@id":"https:\/\/petitfour.pt\/?page_id=54","url":"https:\/\/petitfour.pt\/?page_id=54","name":"Encomendas -","isPartOf":{"@id":"https:\/\/petitfour.pt\/#website"},"datePublished":"2021-03-30T11:32:30+00:00","dateModified":"2021-03-31T15:37:39+00:00","breadcrumb":{"@id":"https:\/\/petitfour.pt\/?page_id=54#breadcrumb"},"inLanguage":"pt-PT","potentialAction":[{"@type":"ReadAction","target":["https:\/\/petitfour.pt\/?page_id=54"]}]},{"@type":"BreadcrumbList","@id":"https:\/\/petitfour.pt\/?page_id=54#breadcrumb","itemListElement":[{"@type":"ListItem","position":1,"name":"In\u00edcio","item":"https:\/\/petitfour.pt\/"},{"@type":"ListItem","position":2,"name":"Encomendas"}]},{"@type":"WebSite","@id":"https:\/\/petitfour.pt\/#website","url":"https:\/\/petitfour.pt\/","name":"","description":"Novo nome, a mesma qualidade ! ","publisher":{"@id":"https:\/\/petitfour.pt\/#organization"},"potentialAction":[{"@type":"SearchAction","target":{"@type":"EntryPoint","urlTemplate":"https:\/\/petitfour.pt\/?s={search_term_string}"},"query-input":{"@type":"PropertyValueSpecification","valueRequired":true,"valueName":"search_term_string"}}],"inLanguage":"pt-PT"},{"@type":"Organization","@id":"https:\/\/petitfour.pt\/#organization","name":"Petit Four - Confeitaria","url":"https:\/\/petitfour.pt\/","logo":{"@type":"ImageObject","inLanguage":"pt-PT","@id":"https:\/\/petitfour.pt\/#\/schema\/logo\/image\/","url":"https:\/\/petitfour.pt\/wp-content\/uploads\/2021\/03\/cropped-logopetitw.jpg","contentUrl":"https:\/\/petitfour.pt\/wp-content\/uploads\/2021\/03\/cropped-logopetitw.jpg","width":292,"height":105,"caption":"Petit Four - Confeitaria"},"image":{"@id":"https:\/\/petitfour.pt\/#\/schema\/logo\/image\/"},"sameAs":["https:\/\/www.facebook.com\/petitifourconfeitaria"]}]}},"_links":{"self":[{"href":"https:\/\/petitfour.pt\/index.php?rest_route=\/wp\/v2\/pages\/54","targetHints":{"allow":["GET"]}}],"collection":[{"href":"https:\/\/petitfour.pt\/index.php?rest_route=\/wp\/v2\/pages"}],"about":[{"href":"https:\/\/petitfour.pt\/index.php?rest_route=\/wp\/v2\/types\/page"}],"author":[{"embeddable":true,"href":"https:\/\/petitfour.pt\/index.php?rest_route=\/wp\/v2\/users\/1"}],"replies":[{"embeddable":true,"href":"https:\/\/petitfour.pt\/index.php?rest_route=%2Fwp%2Fv2%2Fcomments&post=54"}],"version-history":[{"count":4,"href":"https:\/\/petitfour.pt\/index.php?rest_route=\/wp\/v2\/pages\/54\/revisions"}],"predecessor-version":[{"id":71,"href":"https:\/\/petitfour.pt\/index.php?rest_route=\/wp\/v2\/pages\/54\/revisions\/71"}],"wp:attachment":[{"href":"https:\/\/petitfour.pt\/index.php?rest_route=%2Fwp%2Fv2%2Fmedia&parent=54"}],"curies":[{"name":"wp","href":"https:\/\/api.w.org\/{rel}","templated":true}]}}